{"id":14,"date":"2022-10-11T06:35:37","date_gmt":"2022-10-11T06:35:37","guid":{"rendered":"http:\/\/www.sumanivisuomene.lt\/?page_id=14"},"modified":"2024-04-16T09:30:35","modified_gmt":"2024-04-16T09:30:35","slug":"14-2","status":"publish","type":"page","link":"https:\/\/www.sumanivisuomene.lt\/","title":{"rendered":""},"content":{"rendered":"\t\t<div data-elementor-type=\"wp-page\" data-elementor-id=\"14\" class=\"elementor elementor-14\">\n\t\t\t\t\t\t\t\t\t<section class=\"elementor-section elementor-top-section elementor-element elementor-element-1e15f46 elementor-section-boxed elementor-section-height-default elementor-section-height-default\" data-id=\"1e15f46\" data-element_type=\"section\">\n\t\t\t\t\t\t<div class=\"elementor-container elementor-column-gap-default\">\n\t\t\t\t\t<div class=\"elementor-column elementor-col-100 elementor-top-column elementor-element elementor-element-086d44b\" data-id=\"086d44b\" data-element_type=\"column\">\n\t\t\t<div class=\"elementor-widget-wrap elementor-element-populated\">\n\t\t\t\t\t\t\t\t<div class=\"elementor-element elementor-element-83dcb6d elementor-widget elementor-widget-image\" data-id=\"83dcb6d\" data-element_type=\"widget\" data-widget_type=\"image.default\">\n\t\t\t\t<div class=\"elementor-widget-container\">\n\t\t\t<style>\/*! elementor - v3.7.8 - 02-10-2022 *\/\n.elementor-widget-image{text-align:center}.elementor-widget-image a{display:inline-block}.elementor-widget-image a img[src$=\".svg\"]{width:48px}.elementor-widget-image img{vertical-align:middle;display:inline-block}<\/style>\t\t\t\t\t\t\t\t\t\t\t\t<img width=\"1920\" height=\"1080\" src=\"https:\/\/www.sumanivisuomene.lt\/wp-content\/uploads\/2024\/04\/Poveikio-matavimas-savivaldybe\u0307se-kvietimas-Presentation-169-1920-\u00d7-1080-px.png\" class=\"attachment-full size-full\" alt=\"\" loading=\"lazy\" srcset=\"https:\/\/www.sumanivisuomene.lt\/wp-content\/uploads\/2024\/04\/Poveikio-matavimas-savivaldybe\u0307se-kvietimas-Presentation-169-1920-\u00d7-1080-px.png 1920w, https:\/\/www.sumanivisuomene.lt\/wp-content\/uploads\/2024\/04\/Poveikio-matavimas-savivaldybe\u0307se-kvietimas-Presentation-169-1920-\u00d7-1080-px-300x169.png 300w, https:\/\/www.sumanivisuomene.lt\/wp-content\/uploads\/2024\/04\/Poveikio-matavimas-savivaldybe\u0307se-kvietimas-Presentation-169-1920-\u00d7-1080-px-1024x576.png 1024w, https:\/\/www.sumanivisuomene.lt\/wp-content\/uploads\/2024\/04\/Poveikio-matavimas-savivaldybe\u0307se-kvietimas-Presentation-169-1920-\u00d7-1080-px-768x432.png 768w, https:\/\/www.sumanivisuomene.lt\/wp-content\/uploads\/2024\/04\/Poveikio-matavimas-savivaldybe\u0307se-kvietimas-Presentation-169-1920-\u00d7-1080-px-1536x864.png 1536w, https:\/\/www.sumanivisuomene.lt\/wp-content\/uploads\/2024\/04\/Poveikio-matavimas-savivaldybe\u0307se-kvietimas-Presentation-169-1920-\u00d7-1080-px-1200x675.png 1200w\" sizes=\"(max-width: 1920px) 100vw, 1920px\" \/>\t\t\t\t\t\t\t\t\t\t\t\t\t\t\t<\/div>\n\t\t\t\t<\/div>\n\t\t\t\t<div class=\"elementor-element elementor-element-53a23ac elementor-widget elementor-widget-spacer\" data-id=\"53a23ac\" data-element_type=\"widget\" data-widget_type=\"spacer.default\">\n\t\t\t\t<div class=\"elementor-widget-container\">\n\t\t\t<style>\/*! elementor - v3.7.8 - 02-10-2022 *\/\n.elementor-column .elementor-spacer-inner{height:var(--spacer-size)}.e-container{--container-widget-width:100%}.e-container>.elementor-widget-spacer{width:var(--container-widget-width,var(--spacer-size));-ms-flex-item-align:stretch;align-self:stretch;-ms-flex-negative:0;flex-shrink:0}.e-container>.elementor-widget-spacer>.elementor-widget-container,.e-container>.elementor-widget-spacer>.elementor-widget-container>.elementor-spacer{height:100%}.e-container>.elementor-widget-spacer>.elementor-widget-container>.elementor-spacer>.elementor-spacer-inner{height:var(--container-widget-height,var(--spacer-size))}<\/style>\t\t<div class=\"elementor-spacer\">\n\t\t\t<div class=\"elementor-spacer-inner\"><\/div>\n\t\t<\/div>\n\t\t\t\t<\/div>\n\t\t\t\t<\/div>\n\t\t\t\t<div class=\"elementor-element elementor-element-089a649 elementor-widget elementor-widget-heading\" data-id=\"089a649\" data-element_type=\"widget\" data-widget_type=\"heading.default\">\n\t\t\t\t<div class=\"elementor-widget-container\">\n\t\t\t<style>\/*! elementor - v3.7.8 - 02-10-2022 *\/\n.elementor-heading-title{padding:0;margin:0;line-height:1}.elementor-widget-heading .elementor-heading-title[class*=elementor-size-]>a{color:inherit;font-size:inherit;line-height:inherit}.elementor-widget-heading .elementor-heading-title.elementor-size-small{font-size:15px}.elementor-widget-heading .elementor-heading-title.elementor-size-medium{font-size:19px}.elementor-widget-heading .elementor-heading-title.elementor-size-large{font-size:29px}.elementor-widget-heading .elementor-heading-title.elementor-size-xl{font-size:39px}.elementor-widget-heading .elementor-heading-title.elementor-size-xxl{font-size:59px}<\/style><h4 class=\"elementor-heading-title elementor-size-default\">Ko tikim\u0117s<\/h4>\t\t<\/div>\n\t\t\t\t<\/div>\n\t\t\t\t<div class=\"elementor-element elementor-element-3db78b1 elementor-widget elementor-widget-text-editor\" data-id=\"3db78b1\" data-element_type=\"widget\" data-widget_type=\"text-editor.default\">\n\t\t\t\t<div class=\"elementor-widget-container\">\n\t\t\t<style>\/*! elementor - v3.7.8 - 02-10-2022 *\/\n.elementor-widget-text-editor.elementor-drop-cap-view-stacked .elementor-drop-cap{background-color:#818a91;color:#fff}.elementor-widget-text-editor.elementor-drop-cap-view-framed .elementor-drop-cap{color:#818a91;border:3px solid;background-color:transparent}.elementor-widget-text-editor:not(.elementor-drop-cap-view-default) .elementor-drop-cap{margin-top:8px}.elementor-widget-text-editor:not(.elementor-drop-cap-view-default) .elementor-drop-cap-letter{width:1em;height:1em}.elementor-widget-text-editor .elementor-drop-cap{float:left;text-align:center;line-height:1;font-size:50px}.elementor-widget-text-editor .elementor-drop-cap-letter{display:inline-block}<\/style>\t\t\t\t<p>1. Suburti m\u016bs\u0173 kra\u0161te esant\u012f ir veikiant\u012f bei planuojant\u012f veikti \u017emogi\u0161k\u0105 kapital\u0105, j\u012f supa\u017eindinti tarpusavyje.<br \/>2. Aptarti Zaras\u0173 rajono teritorij\u0173 stiprybes, turimus resursus, potencialias vystymosi kryptis.<br \/>3. Trumpai pristatyti savivaldyb\u0117s detaliojo plano rengimo eig\u0105 (pirkimas, analiz\u0117, sprendiniai). Informuoti apie proces\u0105 ir galimybes \u012fsitraukti.<\/p><p>Kas toliau:<br \/>Priklausomai nuo diskusijos dalyvi\u0173 susidom\u0117jimo &#8211; proces\u0105 kartosime ir tobulinsime pagal dalyvi\u0173 i\u0161sakytus pasteb\u0117jimus.<\/p><p><strong>Prie renginio prisijungsite paspaudus nuorod\u0105 apa\u010dioje, kuri nukreips \u012f Microsoft Teams pokalbi\u0173 kambar\u012f<\/strong><\/p><p>Renginys vyks baland\u017eio 17 d. , 15 val.<\/p>\t\t\t\t\t\t<\/div>\n\t\t\t\t<\/div>\n\t\t\t\t<div class=\"elementor-element elementor-element-c89d96a elementor-widget elementor-widget-spacer\" data-id=\"c89d96a\" data-element_type=\"widget\" data-widget_type=\"spacer.default\">\n\t\t\t\t<div class=\"elementor-widget-container\">\n\t\t\t\t\t<div class=\"elementor-spacer\">\n\t\t\t<div class=\"elementor-spacer-inner\"><\/div>\n\t\t<\/div>\n\t\t\t\t<\/div>\n\t\t\t\t<\/div>\n\t\t\t\t<div class=\"elementor-element elementor-element-f70a379 elementor-widget elementor-widget-heading\" data-id=\"f70a379\" data-element_type=\"widget\" data-widget_type=\"heading.default\">\n\t\t\t\t<div class=\"elementor-widget-container\">\n\t\t\t<h4 class=\"elementor-heading-title elementor-size-default\">bendrasis kambarys<\/h4>\t\t<\/div>\n\t\t\t\t<\/div>\n\t\t\t\t<div class=\"elementor-element elementor-element-991de0e elementor-widget elementor-widget-spacer\" data-id=\"991de0e\" data-element_type=\"widget\" data-widget_type=\"spacer.default\">\n\t\t\t\t<div class=\"elementor-widget-container\">\n\t\t\t\t\t<div class=\"elementor-spacer\">\n\t\t\t<div class=\"elementor-spacer-inner\"><\/div>\n\t\t<\/div>\n\t\t\t\t<\/div>\n\t\t\t\t<\/div>\n\t\t\t\t<div class=\"elementor-element elementor-element-091e2e4 elementor-align-center elementor-widget elementor-widget-button\" data-id=\"091e2e4\" data-element_type=\"widget\" data-widget_type=\"button.default\">\n\t\t\t\t<div class=\"elementor-widget-container\">\n\t\t\t\t\t<div class=\"elementor-button-wrapper\">\n\t\t\t<a href=\"https:\/\/teams.microsoft.com\/l\/meetup-join\/19%3a7a48260fd9154f9599a5fe4bbdd0bcd9%40thread.skype\/1713259667894?context=%7b%22Tid%22%3a%22c376f67b-900f-4060-9608-d79bb3ba6b6c%22%2c%22Oid%22%3a%22463dfebf-3bd4-4106-831b-9c0c756ab136%22%7d\" target=\"_blank\" class=\"elementor-button-link elementor-button elementor-size-xl\" role=\"button\">\n\t\t\t\t\t\t<span class=\"elementor-button-content-wrapper\">\n\t\t\t\t\t\t<span class=\"elementor-button-text\">U\u017dEITI<\/span>\n\t\t<\/span>\n\t\t\t\t\t<\/a>\n\t\t<\/div>\n\t\t\t\t<\/div>\n\t\t\t\t<\/div>\n\t\t\t\t<div class=\"elementor-element elementor-element-0d5e1c6 elementor-widget elementor-widget-spacer\" data-id=\"0d5e1c6\" data-element_type=\"widget\" data-widget_type=\"spacer.default\">\n\t\t\t\t<div class=\"elementor-widget-container\">\n\t\t\t\t\t<div class=\"elementor-spacer\">\n\t\t\t<div class=\"elementor-spacer-inner\"><\/div>\n\t\t<\/div>\n\t\t\t\t<\/div>\n\t\t\t\t<\/div>\n\t\t\t\t<div class=\"elementor-element elementor-element-7d8d69b elementor-widget elementor-widget-heading\" data-id=\"7d8d69b\" data-element_type=\"widget\" data-widget_type=\"heading.default\">\n\t\t\t\t<div class=\"elementor-widget-container\">\n\t\t\t<h4 class=\"elementor-heading-title elementor-size-default\">darbastalis<\/h4>\t\t<\/div>\n\t\t\t\t<\/div>\n\t\t\t\t<section class=\"elementor-section elementor-inner-section elementor-element elementor-element-efe2a4a elementor-section-boxed elementor-section-height-default elementor-section-height-default\" data-id=\"efe2a4a\" data-element_type=\"section\">\n\t\t\t\t\t\t<div class=\"elementor-container elementor-column-gap-default\">\n\t\t\t\t\t<div class=\"elementor-column elementor-col-33 elementor-inner-column elementor-element elementor-element-78339ea\" data-id=\"78339ea\" data-element_type=\"column\">\n\t\t\t<div class=\"elementor-widget-wrap\">\n\t\t\t\t\t\t\t\t\t<\/div>\n\t\t<\/div>\n\t\t\t\t<div class=\"elementor-column elementor-col-33 elementor-inner-column elementor-element elementor-element-82f973d\" data-id=\"82f973d\" data-element_type=\"column\">\n\t\t\t<div class=\"elementor-widget-wrap elementor-element-populated\">\n\t\t\t\t\t\t\t\t<div class=\"elementor-element elementor-element-505b65d elementor-align-center elementor-widget elementor-widget-button\" data-id=\"505b65d\" data-element_type=\"widget\" data-widget_type=\"button.default\">\n\t\t\t\t<div class=\"elementor-widget-container\">\n\t\t\t\t\t<div class=\"elementor-button-wrapper\">\n\t\t\t<a href=\"https:\/\/miro.com\/app\/board\/uXjVKUQaX6M=\/?share_link_id=983094384299\" target=\"_blank\" class=\"elementor-button-link elementor-button elementor-size-xl\" role=\"button\">\n\t\t\t\t\t\t<span class=\"elementor-button-content-wrapper\">\n\t\t\t\t\t\t<span class=\"elementor-button-text\">Miro<\/span>\n\t\t<\/span>\n\t\t\t\t\t<\/a>\n\t\t<\/div>\n\t\t\t\t<\/div>\n\t\t\t\t<\/div>\n\t\t\t\t\t<\/div>\n\t\t<\/div>\n\t\t\t\t<div class=\"elementor-column elementor-col-33 elementor-inner-column elementor-element elementor-element-338a0cf\" data-id=\"338a0cf\" data-element_type=\"column\">\n\t\t\t<div class=\"elementor-widget-wrap\">\n\t\t\t\t\t\t\t\t\t<\/div>\n\t\t<\/div>\n\t\t\t\t\t\t\t<\/div>\n\t\t<\/section>\n\t\t\t\t<div class=\"elementor-element elementor-element-df3c22c elementor-widget elementor-widget-spacer\" data-id=\"df3c22c\" data-element_type=\"widget\" data-widget_type=\"spacer.default\">\n\t\t\t\t<div class=\"elementor-widget-container\">\n\t\t\t\t\t<div class=\"elementor-spacer\">\n\t\t\t<div class=\"elementor-spacer-inner\"><\/div>\n\t\t<\/div>\n\t\t\t\t<\/div>\n\t\t\t\t<\/div>\n\t\t\t\t\t<\/div>\n\t\t<\/div>\n\t\t\t\t\t\t\t<\/div>\n\t\t<\/section>\n\t\t\t\t<section class=\"elementor-section elementor-top-section elementor-element elementor-element-4e6d031 elementor-section-boxed elementor-section-height-default elementor-section-height-default\" data-id=\"4e6d031\" data-element_type=\"section\">\n\t\t\t\t\t\t<div class=\"elementor-container elementor-column-gap-default\">\n\t\t\t\t\t<div class=\"elementor-column elementor-col-100 elementor-top-column elementor-element elementor-element-37f3650\" data-id=\"37f3650\" data-element_type=\"column\">\n\t\t\t<div class=\"elementor-widget-wrap\">\n\t\t\t\t\t\t\t\t\t<\/div>\n\t\t<\/div>\n\t\t\t\t\t\t\t<\/div>\n\t\t<\/section>\n\t\t\t\t\t\t\t<\/div>\n\t\t","protected":false},"excerpt":{"rendered":"<p>Ko tikim\u0117s 1. Suburti m\u016bs\u0173 kra\u0161te esant\u012f ir veikiant\u012f bei planuojant\u012f veikti \u017emogi\u0161k\u0105 kapital\u0105, j\u012f supa\u017eindinti tarpusavyje.2. Aptarti Zaras\u0173 rajono teritorij\u0173 stiprybes, turimus resursus, potencialias vystymosi kryptis.3. Trumpai pristatyti savivaldyb\u0117s detaliojo plano rengimo eig\u0105 (pirkimas, analiz\u0117, sprendiniai). Informuoti apie proces\u0105 ir galimybes \u012fsitraukti. Kas toliau:Priklausomai nuo diskusijos dalyvi\u0173 susidom\u0117jimo &#8211; proces\u0105 kartosime ir tobulinsime pagal [&hellip;]<\/p>\n","protected":false},"author":1,"featured_media":0,"parent":0,"menu_order":0,"comment_status":"closed","ping_status":"closed","template":"elementor_header_footer","meta":[],"_links":{"self":[{"href":"https:\/\/www.sumanivisuomene.lt\/index.php?rest_route=\/wp\/v2\/pages\/14"}],"collection":[{"href":"https:\/\/www.sumanivisuomene.lt\/index.php?rest_route=\/wp\/v2\/pages"}],"about":[{"href":"https:\/\/www.sumanivisuomene.lt\/index.php?rest_route=\/wp\/v2\/types\/page"}],"author":[{"embeddable":true,"href":"https:\/\/www.sumanivisuomene.lt\/index.php?rest_route=\/wp\/v2\/users\/1"}],"replies":[{"embeddable":true,"href":"https:\/\/www.sumanivisuomene.lt\/index.php?rest_route=%2Fwp%2Fv2%2Fcomments&post=14"}],"version-history":[{"count":177,"href":"https:\/\/www.sumanivisuomene.lt\/index.php?rest_route=\/wp\/v2\/pages\/14\/revisions"}],"predecessor-version":[{"id":216,"href":"https:\/\/www.sumanivisuomene.lt\/index.php?rest_route=\/wp\/v2\/pages\/14\/revisions\/216"}],"wp:attachment":[{"href":"https:\/\/www.sumanivisuomene.lt\/index.php?rest_route=%2Fwp%2Fv2%2Fmedia&parent=14"}],"curies":[{"name":"wp","href":"https:\/\/api.w.org\/{rel}","templated":true}]}}